{"id":1464,"date":"2020-05-21T11:00:48","date_gmt":"2020-05-21T11:00:48","guid":{"rendered":"https:\/\/vicae.cat?page_id=1464"},"modified":"2021-02-09T09:55:11","modified_gmt":"2021-02-09T09:55:11","slug":"aviso-legal","status":"publish","type":"page","link":"https:\/\/vicae.cat\/es\/aviso-legal\/","title":{"rendered":"Aviso Legal"},"content":{"rendered":"[vc_row type=\u00bbin_container\u00bb full_screen_row_position=\u00bbmiddle\u00bb column_margin=\u00bbdefault\u00bb column_direction=\u00bbdefault\u00bb column_direction_tablet=\u00bbdefault\u00bb column_direction_phone=\u00bbdefault\u00bb scene_position=\u00bbcenter\u00bb text_color=\u00bbdark\u00bb text_align=\u00bbleft\u00bb row_border_radius=\u00bbnone\u00bb row_border_radius_applies=\u00bbbg\u00bb overlay_strength=\u00bb0.3&#8243; gradient_direction=\u00bbleft_to_right\u00bb shape_divider_position=\u00bbbottom\u00bb bg_image_animation=\u00bbnone\u00bb][vc_column column_padding=\u00bbno-extra-padding\u00bb column_padding_tablet=\u00bbinherit\u00bb column_padding_phone=\u00bbinherit\u00bb column_padding_position=\u00bball\u00bb background_color_opacity=\u00bb1&#8243; background_hover_color_opacity=\u00bb1&#8243; column_shadow=\u00bbnone\u00bb column_border_radius=\u00bbnone\u00bb column_link_target=\u00bb_self\u00bb gradient_direction=\u00bbleft_to_right\u00bb overlay_strength=\u00bb0.3&#8243; width=\u00bb1\/1&#8243; tablet_width_inherit=\u00bbdefault\u00bb tablet_text_alignment=\u00bbdefault\u00bb phone_text_alignment=\u00bbdefault\u00bb column_border_width=\u00bbnone\u00bb column_border_style=\u00bbsolid\u00bb bg_image_animation=\u00bbnone\u00bb][vc_column_text]\n<p><strong>AVISO LEGAL<\/strong><\/p>\n<p>El presente es un aviso legal de obligada visualizaci\u00f3n que regula las condiciones de uso que deben ser observadas y acatadas por los usuarios de este web site. Le rogamos que lo lea atentamente ya que el hecho de acceder al mismo implica que Vd. ha le\u00eddo y acepta sin ninguna reserva las condiciones que siguen<\/p>\n<p><strong>1.-\u00a0<u>Informaci\u00f3n de conformidad con la LSSI<\/u><\/strong><\/p>\n<p>A los efectos de lo previsto den el art. 10 de la\u00a0<strong>Ley 34\/2002, de 11 de julio, de servicios de la sociedad de la informaci\u00f3n y de comercio electr\u00f3nico<\/strong>, se informa a los usuarios del presente web site que el titular del mismo es la sociedad ENGINYERIA D&#8217;EFICIENCIA ENERGETICA VICAE SL. (en adelante,\u00a0<strong>Vicae<\/strong>) con domicilio social Barcelona, calle Bol\u00edvar n\u00fam. 39 (08023-Barcelona), provista de CIF n\u00fam. B65572133y que figura inscrita en el Registro Mercantil de Barcelona, al Tomo [42565], Folio [35], Hoja [B-410277].<\/p>\n<p><strong>2.-\u00a0<u>Condiciones de uso del web site<\/u><\/strong><\/p>\n<p>El usuario se compromete a hacer un uso diligente del web site y a no utilizar las informaciones contenidas en el web site para desarrollar actividades contrarias a las leyes, a la moral y a las buenas costumbres, al orden p\u00fablico y, en general, a hacer un uso conforme al presente aviso legal.<\/p>\n<p><strong>Vicae<\/strong>\u00a0podr\u00e1 interrumpir temporal o definitivamente, seg\u00fan su buen criterio, el acceso al web site en cualquier momento y sin previo aviso.<\/p>\n<p>Asimismo,\u00a0<strong>Vicae<\/strong>\u00a0se reserva el derecho a denegar o retirar el acceso al portal web a cualquier usuario que incumpla las condiciones de uso establecidas en el presente aviso legal, todo ello sin necesidad de preaviso alguno.<\/p>\n<p>En caso de que\u00a0<strong>Vicae<\/strong>\u00a0preste, a trav\u00e9s del presente web site, alg\u00fan tipo de servicio especial o realice alguna promoci\u00f3n u oferta especial, en el mismo se establecer\u00e1n las condiciones espec\u00edficas que lo regulen, y cuya aplicaci\u00f3n prevalecer\u00e1 sobre las condiciones de uso y el resto de previsiones establecidas en el presente aviso legal, en caso de incongruencia o incompatibilidad entre ambas.<\/p>\n<p><strong>3.-\u00a0<u>Derechos de Propiedad Intelectual<\/u><\/strong><\/p>\n<p><strong>Vicae\u00a0<\/strong>es titular o licenciataria, en su caso, de los derechos de Propiedad Intelectual e Industrial de la totalidad de los contenidos de este web site, incluyendo descripci\u00f3n de productos, texto, im\u00e1genes, fotograf\u00edas, marcas, logotipos, botones, archivos de software, combinaciones de colores, as\u00ed como la estructura, selecci\u00f3n, ordenaci\u00f3n y presentaci\u00f3n de sus contenidos, que se encuentran protegidos por las leyes espa\u00f1olas e internacionales sobre propiedad Intelectual e Industrial.<\/p>\n<p>En ning\u00fan caso el acceso al presente web site implica ning\u00fan tipo de renuncia, transmisi\u00f3n o cesi\u00f3n total ni parcial de los derechos otorgados por la legislaci\u00f3n espa\u00f1ola e internacional sobre propiedad Intelectual e Industrial.<\/p>\n<p>Queda prohibida la reproducci\u00f3n, la copia, el uso, la distribuci\u00f3n, la reutilizaci\u00f3n, la explotaci\u00f3n, la realizaci\u00f3n de segundas copias, el env\u00edo por correo, la transmisi\u00f3n, la modificaci\u00f3n, la cesi\u00f3n o cualquier otro acto que se haga con la totalidad o parte de la informaci\u00f3n contenida en este portal web que no haya sido expresamente autorizado por\u00a0<strong>Vicae<\/strong>.<\/p>\n<p>El usuario se obliga a usar los contenidos de forma diligente, correcta y l\u00edcita y, en particular, se compromete a abstenerse de suprimir, eludir o manipular el \u201c<em>copyright<\/em>\u201d y dem\u00e1s datos identificativos de los derechos de\u00a0<strong>Vicae\u00a0<\/strong>o de sus titulares incorporados a los contenidos, as\u00ed como los dispositivos t\u00e9cnicos de protecci\u00f3n o cualesquiera mecanismos de informaci\u00f3n que pudieren incluirse en los contenidos.<\/p>\n<p>El web site corresponde a un dominio registrado por<strong>\u00a0Vicae<\/strong>\u00a0y que no puede ser utilizado, salvo autorizaci\u00f3n expresa previa, en conexi\u00f3n con otros servicios que no sean de\u00a0<strong>Vicae\u00a0<\/strong>de ninguna manera que pueda causar confusi\u00f3n entre sus clientes o descr\u00e9dito de\u00a0<strong>Vicae<\/strong>.<\/p>\n<p>En este sentido, aquellas personas que deseen establecer un \u2018link\u2019 o hiperenlace entre su p\u00e1gina web y este web site deber\u00e1n recabar la autorizaci\u00f3n expresa y por escrito de\u00a0<strong>Vicae<\/strong>, sin que ello implique una relaci\u00f3n entre\u00a0<strong>Vicae\u00a0<\/strong>y el titular de la p\u00e1gina en la que se establezca el \u2018link\u2019, ni la aprobaci\u00f3n o aceptaci\u00f3n por parte de\u00a0<strong>Vicae\u00a0<\/strong>de sus contenidos o servicios.<\/p>\n<p>Queda terminantemente prohibido realizar, sin el previo consentimiento de\u00a0<strong>Vicae<\/strong>,<strong>\u00a0<\/strong>cualquier manipulaci\u00f3n o alteraci\u00f3n de este web site. Consecuentemente,\u00a0<strong>Vicae\u00a0<\/strong>no asumir\u00e1 ninguna responsabilidad derivada, o que pudiera derivarse, de dicha alteraci\u00f3n o manipulaci\u00f3n por terceros.<\/p>\n<p><strong>4.-\u00a0<u>Limitaci\u00f3n de la responsabilidad.<\/u><\/strong><\/p>\n<p><strong>Vicae\u00a0<\/strong>se exime de toda responsabilidad respecto a cualquier decisi\u00f3n adoptada por el usuario como consecuencia de la informaci\u00f3n contenida en el presente web site.<\/p>\n<p>Asimismo,\u00a0<strong>Vicae\u00a0<\/strong>rechaza toda responsabilidad sobre cualquier informaci\u00f3n no elaborada o no publicada de forma autorizada por ella bajo su nombre, al igual que la responsabilidad que se derive de la mala utilizaci\u00f3n de los contenidos, y se reserva el derecho a actualizarlos, a eliminarlos, limitarlos o impedir el acceso a ellos, de manera temporal o definitiva.<\/p>\n<p>A pesar de tomar todas las precauciones necesarias para proporcionarle en nuestro web site informaciones actuales y exactas,\u00a0<strong>Vicae<\/strong>\u00a0no puede garantizar el rigor ni la actualidad de toda la informaci\u00f3n facilitada, ni la inexistencia de errores u omisiones, debiendo ser el usuario consciente de que la informaci\u00f3n a la cual tiene acceso es suministrada en las condiciones detalladas en el presente aviso legal, sin ninguna garant\u00eda de que las mismas sean exactas y actualizadas.<\/p>\n<p>Del mismo modo,\u00a0<strong>Vicae\u00a0<\/strong>no puede garantizar la continuidad del funcionamiento del web site, ni que el mismo se encuentre en todo momento operativo y disponible. Asimismo,\u00a0<strong>Vicae\u00a0<\/strong>no se hace responsable de los da\u00f1os y perjuicios directos o indirectos, incluidos da\u00f1os a sistemas inform\u00e1ticos e introducci\u00f3n de virus existentes en la red, derivados de la navegaci\u00f3n por Internet necesaria para el uso de este web site.<\/p>\n<p><strong>5.-\u00a0<u>Obligaci\u00f3n de los usuarios.<\/u><\/strong><\/p>\n<p>El usuario responder\u00e1 de los da\u00f1os y perjuicios que\u00a0<strong>Vicae\u00a0<\/strong>pueda sufrir como consecuencia del incumplimiento de cualquiera de las obligaciones determinadas en el presente Aviso Legal.<\/p>\n<p>Respecto a la navegaci\u00f3n, el usuario se compromete a observar diligente y fielmente las recomendaciones que en su momento establezca\u00a0<strong>Vicae\u00a0<\/strong>relativas al uso del web site y que ser\u00e1n publicadas en el mismo.<\/p>\n<p><strong>6.-\u00a0<u>Duraci\u00f3n y Modificaci\u00f3n.<\/u><\/strong><\/p>\n<p><strong>Vicae\u00a0<\/strong>tendr\u00e1 derecho a modificar los t\u00e9rminos y condiciones aqu\u00ed estipuladas de forma unilateral, total o parcialmente.<\/p>\n<p>La vigencia temporal del presente aviso legal coincide, por lo tanto, con el tiempo de su exposici\u00f3n, hasta el momento en que sea modificado de forma total o parcial por\u00a0<strong>Vicae<\/strong>.<\/p>\n<p><strong>Vicae\u00a0<\/strong>podr\u00e1 dar por terminada, suspender o interrumpir unilateralmente, la operatividad de este web site, sin posibilidad de solicitar indemnizaci\u00f3n alguna por parte del usuario.<\/p>\n<p><strong>7.-\u00a0<u>Legislaci\u00f3n y Jurisdicci\u00f3n.<\/u><\/strong><\/p>\n<p>El presente aviso legal se rige por la legislaci\u00f3n espa\u00f1ola.<\/p>\n<p>Los usuarios y\u00a0<strong>Vicae<\/strong>, con expresa renuncia de su fuero, someten todas las interpretaciones o conflictos que pudieran surgir derivados de este aviso legal a los Juzgados y Tribunales de la ciudad de Barcelona (Espa\u00f1a).<\/p>\n<p>&nbsp;<\/p>\n[\/vc_column_text][\/vc_column][\/vc_row]\n","protected":false},"excerpt":{"rendered":"<p>[vc_row type=\u00bbin_container\u00bb full_screen_row_position=\u00bbmiddle\u00bb column_margin=\u00bbdefault\u00bb column_direction=\u00bbdefault\u00bb column_direction_tablet=\u00bbdefault\u00bb column_direction_phone=\u00bbdefault\u00bb scene_position=\u00bbcenter\u00bb text_color=\u00bbdark\u00bb text_align=\u00bbleft\u00bb row_border_radius=\u00bbnone\u00bb row_border_radius_applies=\u00bbbg\u00bb overlay_strength=\u00bb0.3&#8243; gradient_direction=\u00bbleft_to_right\u00bb shape_divider_position=\u00bbbottom\u00bb bg_image_animation=\u00bbnone\u00bb][vc_column column_padding=\u00bbno-extra-padding\u00bb column_padding_tablet=\u00bbinherit\u00bb column_padding_phone=\u00bbinherit\u00bb column_padding_position=\u00bball\u00bb background_color_opacity=\u00bb1&#8243; background_hover_color_opacity=\u00bb1&#8243; column_shadow=\u00bbnone\u00bb column_border_radius=\u00bbnone\u00bb column_link_target=\u00bb_self\u00bb gradient_direction=\u00bbleft_to_right\u00bb overlay_strength=\u00bb0.3&#8243; width=\u00bb1\/1&#8243; tablet_width_inherit=\u00bbdefault\u00bb tablet_text_alignment=\u00bbdefault\u00bb&#8230;<\/p>\n","protected":false},"author":2,"featured_media":0,"parent":0,"menu_order":0,"comment_status":"closed","ping_status":"closed","template":"","meta":{"footnotes":""},"class_list":["post-1464","page","type-page","status-publish"],"yoast_head":"<!-- This site is optimized with the Yoast SEO plugin v26.2 - https:\/\/yoast.com\/wordpress\/plugins\/seo\/ -->\n<title>Aviso Legal | Vicae<\/title>\n<meta name=\"robots\" content=\"noindex, follow\" \/>\n<meta property=\"og:locale\" content=\"es_ES\" \/>\n<meta property=\"og:type\" content=\"article\" \/>\n<meta property=\"og:title\" content=\"Aviso Legal | Vicae\" \/>\n<meta property=\"og:description\" content=\"[vc_row type=\u00bbin_container\u00bb full_screen_row_position=\u00bbmiddle\u00bb column_margin=\u00bbdefault\u00bb column_direction=\u00bbdefault\u00bb column_direction_tablet=\u00bbdefault\u00bb column_direction_phone=\u00bbdefault\u00bb scene_position=\u00bbcenter\u00bb text_color=\u00bbdark\u00bb text_align=\u00bbleft\u00bb row_border_radius=\u00bbnone\u00bb row_border_radius_applies=\u00bbbg\u00bb overlay_strength=\u00bb0.3&#8243; gradient_direction=\u00bbleft_to_right\u00bb shape_divider_position=\u00bbbottom\u00bb bg_image_animation=\u00bbnone\u00bb][vc_column column_padding=\u00bbno-extra-padding\u00bb column_padding_tablet=\u00bbinherit\u00bb column_padding_phone=\u00bbinherit\u00bb column_padding_position=\u00bball\u00bb background_color_opacity=\u00bb1&#8243; background_hover_color_opacity=\u00bb1&#8243; column_shadow=\u00bbnone\u00bb column_border_radius=\u00bbnone\u00bb column_link_target=\u00bb_self\u00bb gradient_direction=\u00bbleft_to_right\u00bb overlay_strength=\u00bb0.3&#8243; width=\u00bb1\/1&#8243; tablet_width_inherit=\u00bbdefault\u00bb tablet_text_alignment=\u00bbdefault\u00bb...\" \/>\n<meta property=\"og:url\" content=\"https:\/\/vicae.cat\/avis-legal\/\" \/>\n<meta property=\"og:site_name\" content=\"Vicae\" \/>\n<meta property=\"article:modified_time\" content=\"2021-02-09T09:55:11+00:00\" \/>\n<meta name=\"twitter:card\" content=\"summary_large_image\" \/>\n<meta name=\"twitter:label1\" content=\"Tiempo de lectura\" \/>\n\t<meta name=\"twitter:data1\" content=\"7 minutos\" \/>\n<script type=\"application\/ld+json\" class=\"yoast-schema-graph\">{\"@context\":\"https:\/\/schema.org\",\"@graph\":[{\"@type\":\"WebPage\",\"@id\":\"https:\/\/vicae.cat\/avis-legal\/\",\"url\":\"https:\/\/vicae.cat\/avis-legal\/\",\"name\":\"Aviso Legal | Vicae\",\"isPartOf\":{\"@id\":\"https:\/\/vicae.cat\/#website\"},\"datePublished\":\"2020-05-21T11:00:48+00:00\",\"dateModified\":\"2021-02-09T09:55:11+00:00\",\"breadcrumb\":{\"@id\":\"https:\/\/vicae.cat\/avis-legal\/#breadcrumb\"},\"inLanguage\":\"es\",\"potentialAction\":[{\"@type\":\"ReadAction\",\"target\":[\"https:\/\/vicae.cat\/avis-legal\/\"]}]},{\"@type\":\"BreadcrumbList\",\"@id\":\"https:\/\/vicae.cat\/avis-legal\/#breadcrumb\",\"itemListElement\":[{\"@type\":\"ListItem\",\"position\":1,\"name\":\"Inici\",\"item\":\"https:\/\/vicae.cat\/\"},{\"@type\":\"ListItem\",\"position\":2,\"name\":\"Aviso Legal\"}]},{\"@type\":\"WebSite\",\"@id\":\"https:\/\/vicae.cat\/#website\",\"url\":\"https:\/\/vicae.cat\/\",\"name\":\"Vicae\",\"description\":\"\",\"potentialAction\":[{\"@type\":\"SearchAction\",\"target\":{\"@type\":\"EntryPoint\",\"urlTemplate\":\"https:\/\/vicae.cat\/?s={search_term_string}\"},\"query-input\":{\"@type\":\"PropertyValueSpecification\",\"valueRequired\":true,\"valueName\":\"search_term_string\"}}],\"inLanguage\":\"es\"}]}<\/script>\n<!-- \/ Yoast SEO plugin. -->","yoast_head_json":{"title":"Aviso Legal | Vicae","robots":{"index":"noindex","follow":"follow"},"og_locale":"es_ES","og_type":"article","og_title":"Aviso Legal | Vicae","og_description":"[vc_row type=\u00bbin_container\u00bb full_screen_row_position=\u00bbmiddle\u00bb column_margin=\u00bbdefault\u00bb column_direction=\u00bbdefault\u00bb column_direction_tablet=\u00bbdefault\u00bb column_direction_phone=\u00bbdefault\u00bb scene_position=\u00bbcenter\u00bb text_color=\u00bbdark\u00bb text_align=\u00bbleft\u00bb row_border_radius=\u00bbnone\u00bb row_border_radius_applies=\u00bbbg\u00bb overlay_strength=\u00bb0.3&#8243; gradient_direction=\u00bbleft_to_right\u00bb shape_divider_position=\u00bbbottom\u00bb bg_image_animation=\u00bbnone\u00bb][vc_column column_padding=\u00bbno-extra-padding\u00bb column_padding_tablet=\u00bbinherit\u00bb column_padding_phone=\u00bbinherit\u00bb column_padding_position=\u00bball\u00bb background_color_opacity=\u00bb1&#8243; background_hover_color_opacity=\u00bb1&#8243; column_shadow=\u00bbnone\u00bb column_border_radius=\u00bbnone\u00bb column_link_target=\u00bb_self\u00bb gradient_direction=\u00bbleft_to_right\u00bb overlay_strength=\u00bb0.3&#8243; width=\u00bb1\/1&#8243; tablet_width_inherit=\u00bbdefault\u00bb tablet_text_alignment=\u00bbdefault\u00bb...","og_url":"https:\/\/vicae.cat\/avis-legal\/","og_site_name":"Vicae","article_modified_time":"2021-02-09T09:55:11+00:00","twitter_card":"summary_large_image","twitter_misc":{"Tiempo de lectura":"7 minutos"},"schema":{"@context":"https:\/\/schema.org","@graph":[{"@type":"WebPage","@id":"https:\/\/vicae.cat\/avis-legal\/","url":"https:\/\/vicae.cat\/avis-legal\/","name":"Aviso Legal | Vicae","isPartOf":{"@id":"https:\/\/vicae.cat\/#website"},"datePublished":"2020-05-21T11:00:48+00:00","dateModified":"2021-02-09T09:55:11+00:00","breadcrumb":{"@id":"https:\/\/vicae.cat\/avis-legal\/#breadcrumb"},"inLanguage":"es","potentialAction":[{"@type":"ReadAction","target":["https:\/\/vicae.cat\/avis-legal\/"]}]},{"@type":"BreadcrumbList","@id":"https:\/\/vicae.cat\/avis-legal\/#breadcrumb","itemListElement":[{"@type":"ListItem","position":1,"name":"Inici","item":"https:\/\/vicae.cat\/"},{"@type":"ListItem","position":2,"name":"Aviso Legal"}]},{"@type":"WebSite","@id":"https:\/\/vicae.cat\/#website","url":"https:\/\/vicae.cat\/","name":"Vicae","description":"","potentialAction":[{"@type":"SearchAction","target":{"@type":"EntryPoint","urlTemplate":"https:\/\/vicae.cat\/?s={search_term_string}"},"query-input":{"@type":"PropertyValueSpecification","valueRequired":true,"valueName":"search_term_string"}}],"inLanguage":"es"}]}},"_links":{"self":[{"href":"https:\/\/vicae.cat\/es\/wp-json\/wp\/v2\/pages\/1464","targetHints":{"allow":["GET"]}}],"collection":[{"href":"https:\/\/vicae.cat\/es\/wp-json\/wp\/v2\/pages"}],"about":[{"href":"https:\/\/vicae.cat\/es\/wp-json\/wp\/v2\/types\/page"}],"author":[{"embeddable":true,"href":"https:\/\/vicae.cat\/es\/wp-json\/wp\/v2\/users\/2"}],"replies":[{"embeddable":true,"href":"https:\/\/vicae.cat\/es\/wp-json\/wp\/v2\/comments?post=1464"}],"version-history":[{"count":2,"href":"https:\/\/vicae.cat\/es\/wp-json\/wp\/v2\/pages\/1464\/revisions"}],"predecessor-version":[{"id":1642,"href":"https:\/\/vicae.cat\/es\/wp-json\/wp\/v2\/pages\/1464\/revisions\/1642"}],"wp:attachment":[{"href":"https:\/\/vicae.cat\/es\/wp-json\/wp\/v2\/media?parent=1464"}],"curies":[{"name":"wp","href":"https:\/\/api.w.org\/{rel}","templated":true}]}}