{"id":1459,"date":"2020-05-26T08:28:38","date_gmt":"2020-05-26T08:28:38","guid":{"rendered":"https:\/\/vicae.cat?page_id=1459"},"modified":"2021-02-09T09:51:07","modified_gmt":"2021-02-09T09:51:07","slug":"lineas-de-negocio","status":"publish","type":"page","link":"https:\/\/vicae.cat\/es\/lineas-de-negocio\/","title":{"rendered":"L\u00edneas de negocio"},"content":{"rendered":"[vc_row type=\u00bbin_container\u00bb full_screen_row_position=\u00bbmiddle\u00bb column_margin=\u00bbdefault\u00bb column_direction=\u00bbdefault\u00bb column_direction_tablet=\u00bbdefault\u00bb column_direction_phone=\u00bbdefault\u00bb scene_position=\u00bbcenter\u00bb top_padding=\u00bb90&#8243; bottom_padding=\u00bb20&#8243; text_color=\u00bbdark\u00bb text_align=\u00bbcenter\u00bb row_border_radius=\u00bbnone\u00bb row_border_radius_applies=\u00bbbg\u00bb overlay_strength=\u00bb0.3&#8243; gradient_direction=\u00bbleft_to_right\u00bb shape_divider_position=\u00bbbottom\u00bb bg_image_animation=\u00bbnone\u00bb shape_type=\u00bb\u00bb][vc_column column_padding=\u00bbno-extra-padding\u00bb column_padding_tablet=\u00bbinherit\u00bb column_padding_phone=\u00bbinherit\u00bb column_padding_position=\u00bball\u00bb background_color_opacity=\u00bb1&#8243; background_hover_color_opacity=\u00bb1&#8243; column_shadow=\u00bbnone\u00bb column_border_radius=\u00bbnone\u00bb column_link_target=\u00bb_self\u00bb gradient_direction=\u00bbleft_to_right\u00bb overlay_strength=\u00bb0.3&#8243; width=\u00bb1\/3&#8243; tablet_width_inherit=\u00bbdefault\u00bb tablet_text_alignment=\u00bbdefault\u00bb phone_text_alignment=\u00bbdefault\u00bb column_border_width=\u00bbnone\u00bb column_border_style=\u00bbsolid\u00bb bg_image_animation=\u00bbnone\u00bb][vc_raw_html css=\u00bb.vc_custom_1590402736279{margin-bottom: 10px !important;}\u00bb]JTNDaSUyMGNsYXNzJTNEJTIyaWNvbi0zeCUyMGZhLXVzZXIlMjBhY2NlbnQtY29sb3IlMjIlM0UlM0NpJTIwY2xhc3MlM0QlMjJjaXJjbGUtYm9yZGVyJTIyJTNFJTNDJTJGaSUzRSUzQyUyRmklM0U=[\/vc_raw_html][vc_column_text]\n<h3>Particular<\/h3>\n[\/vc_column_text][\/vc_column][vc_column column_padding=\u00bbno-extra-padding\u00bb column_padding_tablet=\u00bbinherit\u00bb column_padding_phone=\u00bbinherit\u00bb column_padding_position=\u00bball\u00bb background_color_opacity=\u00bb1&#8243; background_hover_color_opacity=\u00bb1&#8243; column_shadow=\u00bbnone\u00bb column_border_radius=\u00bbnone\u00bb column_link_target=\u00bb_self\u00bb gradient_direction=\u00bbleft_to_right\u00bb overlay_strength=\u00bb0.3&#8243; width=\u00bb1\/3&#8243; tablet_width_inherit=\u00bbdefault\u00bb tablet_text_alignment=\u00bbdefault\u00bb phone_text_alignment=\u00bbdefault\u00bb column_border_width=\u00bbnone\u00bb column_border_style=\u00bbsolid\u00bb bg_image_animation=\u00bbnone\u00bb][vc_raw_html css=\u00bb.vc_custom_1590405494321{margin-bottom: 10px !important;}\u00bb]JTNDaSUyMGNsYXNzJTNEJTIyaWNvbi0zeCUyMGZhLWZvcnQtYXdlc29tZSUyMGFjY2VudC1jb2xvciUyMiUzRSUzQ2klMjBjbGFzcyUzRCUyMmNpcmNsZS1ib3JkZXIlMjIlM0UlM0MlMkZpJTNFJTNDJTJGaSUzRQ==[\/vc_raw_html][vc_column_text]\n<h3>Empresa y<br \/>\nconstrucci\u00f3n<\/h3>\n[\/vc_column_text][\/vc_column][vc_column column_padding=\u00bbno-extra-padding\u00bb column_padding_tablet=\u00bbinherit\u00bb column_padding_phone=\u00bbinherit\u00bb column_padding_position=\u00bball\u00bb background_color_opacity=\u00bb1&#8243; background_hover_color_opacity=\u00bb1&#8243; column_shadow=\u00bbnone\u00bb column_border_radius=\u00bbnone\u00bb column_link_target=\u00bb_self\u00bb gradient_direction=\u00bbleft_to_right\u00bb overlay_strength=\u00bb0.3&#8243; width=\u00bb1\/3&#8243; tablet_width_inherit=\u00bbdefault\u00bb tablet_text_alignment=\u00bbdefault\u00bb phone_text_alignment=\u00bbdefault\u00bb column_border_width=\u00bbnone\u00bb column_border_style=\u00bbsolid\u00bb bg_image_animation=\u00bbnone\u00bb][vc_raw_html css=\u00bb.vc_custom_1590403275199{margin-bottom: 10px !important;}\u00bb]JTNDaSUyMGNsYXNzJTNEJTIyaWNvbi0zeCUyMGZhLWJ1aWxkaW5nJTIwYWNjZW50LWNvbG9yJTIyJTNFJTNDaSUyMGNsYXNzJTNEJTIyY2lyY2xlLWJvcmRlciUyMiUzRSUzQyUyRmklM0UlM0MlMkZpJTNF[\/vc_raw_html][vc_column_text]\n<h3>Arquitectos, Interioristas,<br \/>\nIngenieros<\/h3>\n[\/vc_column_text][\/vc_column][\/vc_row][vc_row type=\u00bbin_container\u00bb full_screen_row_position=\u00bbmiddle\u00bb column_margin=\u00bbdefault\u00bb column_direction=\u00bbdefault\u00bb column_direction_tablet=\u00bbdefault\u00bb column_direction_phone=\u00bbdefault\u00bb scene_position=\u00bbcenter\u00bb top_padding=\u00bb20&#8243; bottom_padding=\u00bb90&#8243; text_color=\u00bbdark\u00bb text_align=\u00bbcenter\u00bb row_border_radius=\u00bbnone\u00bb row_border_radius_applies=\u00bbbg\u00bb overlay_strength=\u00bb0.3&#8243; gradient_direction=\u00bbleft_to_right\u00bb shape_divider_position=\u00bbbottom\u00bb bg_image_animation=\u00bbnone\u00bb shape_type=\u00bb\u00bb][vc_column column_padding=\u00bbno-extra-padding\u00bb column_padding_tablet=\u00bbinherit\u00bb column_padding_phone=\u00bbinherit\u00bb column_padding_position=\u00bball\u00bb background_color_opacity=\u00bb1&#8243; background_hover_color_opacity=\u00bb1&#8243; column_shadow=\u00bbnone\u00bb column_border_radius=\u00bbnone\u00bb column_link_target=\u00bb_self\u00bb gradient_direction=\u00bbleft_to_right\u00bb overlay_strength=\u00bb0.3&#8243; width=\u00bb1\/3&#8243; tablet_width_inherit=\u00bbdefault\u00bb tablet_text_alignment=\u00bbdefault\u00bb phone_text_alignment=\u00bbdefault\u00bb column_border_width=\u00bbnone\u00bb column_border_style=\u00bbsolid\u00bb bg_image_animation=\u00bbnone\u00bb][vc_raw_html css=\u00bb.vc_custom_1590403533323{margin-bottom: 10px !important;}\u00bb]JTNDaSUyMGNsYXNzJTNEJTIyaWNvbi0zeCUyMGZhLWNvZyUyMGFjY2VudC1jb2xvciUyMiUzRSUzQ2klMjBjbGFzcyUzRCUyMmNpcmNsZS1ib3JkZXIlMjIlM0UlM0MlMkZpJTNFJTNDJTJGaSUzRQ==[\/vc_raw_html][vc_column_text]\n<h3>Administradores<br \/>\nde fincas<\/h3>\n[\/vc_column_text][\/vc_column][vc_column column_padding=\u00bbno-extra-padding\u00bb column_padding_tablet=\u00bbinherit\u00bb column_padding_phone=\u00bbinherit\u00bb column_padding_position=\u00bball\u00bb background_color_opacity=\u00bb1&#8243; background_hover_color_opacity=\u00bb1&#8243; column_shadow=\u00bbnone\u00bb column_border_radius=\u00bbnone\u00bb column_link_target=\u00bb_self\u00bb gradient_direction=\u00bbleft_to_right\u00bb overlay_strength=\u00bb0.3&#8243; width=\u00bb1\/3&#8243; tablet_width_inherit=\u00bbdefault\u00bb tablet_text_alignment=\u00bbdefault\u00bb phone_text_alignment=\u00bbdefault\u00bb column_border_width=\u00bbnone\u00bb column_border_style=\u00bbsolid\u00bb bg_image_animation=\u00bbnone\u00bb][vc_raw_html css=\u00bb.vc_custom_1590403405860{margin-bottom: 10px !important;}\u00bb]JTNDaSUyMGNsYXNzJTNEJTIyaWNvbi0zeCUyMGZhLXVzZXJzJTIwYWNjZW50LWNvbG9yJTIyJTNFJTNDaSUyMGNsYXNzJTNEJTIyY2lyY2xlLWJvcmRlciUyMiUzRSUzQyUyRmklM0UlM0MlMkZpJTNF[\/vc_raw_html][vc_column_text]\n<h3>Comunidad de<br \/>\npropietarios<\/h3>\n[\/vc_column_text][\/vc_column][vc_column column_padding=\u00bbno-extra-padding\u00bb column_padding_tablet=\u00bbinherit\u00bb column_padding_phone=\u00bbinherit\u00bb column_padding_position=\u00bball\u00bb background_color_opacity=\u00bb1&#8243; background_hover_color_opacity=\u00bb1&#8243; column_shadow=\u00bbnone\u00bb column_border_radius=\u00bbnone\u00bb column_link_target=\u00bb_self\u00bb gradient_direction=\u00bbleft_to_right\u00bb overlay_strength=\u00bb0.3&#8243; width=\u00bb1\/3&#8243; tablet_width_inherit=\u00bbdefault\u00bb tablet_text_alignment=\u00bbdefault\u00bb phone_text_alignment=\u00bbdefault\u00bb column_border_width=\u00bbnone\u00bb column_border_style=\u00bbsolid\u00bb bg_image_animation=\u00bbnone\u00bb][vc_raw_html css=\u00bb.vc_custom_1590405055572{margin-bottom: 10px !important;}\u00bb]JTNDaSUyMGNsYXNzJTNEJTIyaWNvbi0zeCUyMGZhLXVuaXZlcnNpdHklMjBhY2NlbnQtY29sb3IlMjIlM0UlM0NpJTIwY2xhc3MlM0QlMjJjaXJjbGUtYm9yZGVyJTIyJTNFJTNDJTJGaSUzRSUzQyUyRmklM0U=[\/vc_raw_html][vc_column_text]\n<h3>Sector<br \/>\np\u00fablico<\/h3>\n[\/vc_column_text][\/vc_column][\/vc_row][vc_row type=\u00bbfull_width_background\u00bb full_screen_row_position=\u00bbmiddle\u00bb column_margin=\u00bbdefault\u00bb equal_height=\u00bbyes\u00bb content_placement=\u00bbmiddle\u00bb column_direction=\u00bbreverse\u00bb column_direction_tablet=\u00bbdefault\u00bb column_direction_phone=\u00bbdefault\u00bb mouse_based_parallax_bg=\u00bbtrue\u00bb scene_position=\u00bbcenter\u00bb layer_one_image=\u00bb1099&#8243; top_padding=\u00bb120&#8243; bottom_padding=\u00bb120&#8243; left_padding_desktop=\u00bb0&#8243; right_padding_desktop=\u00bb0&#8243; text_color=\u00bblight\u00bb text_align=\u00bbleft\u00bb row_border_radius=\u00bbnone\u00bb row_border_radius_applies=\u00bbbg\u00bb overlay_strength=\u00bb0.3&#8243; gradient_direction=\u00bbleft_to_right\u00bb shape_divider_position=\u00bbbottom\u00bb bg_image_animation=\u00bbnone\u00bb shape_type=\u00bb\u00bb][vc_column column_padding=\u00bbno-extra-padding\u00bb column_padding_tablet=\u00bbinherit\u00bb column_padding_phone=\u00bbinherit\u00bb column_padding_position=\u00bball\u00bb background_color_opacity=\u00bb1&#8243; background_hover_color_opacity=\u00bb1&#8243; column_shadow=\u00bbnone\u00bb column_border_radius=\u00bbnone\u00bb column_link_target=\u00bb_self\u00bb gradient_direction=\u00bbleft_to_right\u00bb overlay_strength=\u00bb0.3&#8243; width=\u00bb1\/1&#8243; tablet_width_inherit=\u00bbdefault\u00bb tablet_text_alignment=\u00bbdefault\u00bb phone_text_alignment=\u00bbdefault\u00bb column_border_width=\u00bbnone\u00bb column_border_style=\u00bbsolid\u00bb bg_image_animation=\u00bbnone\u00bb][vc_row_inner equal_height=\u00bbyes\u00bb content_placement=\u00bbmiddle\u00bb column_margin=\u00bbdefault\u00bb column_direction=\u00bbdefault\u00bb column_direction_tablet=\u00bbdefault\u00bb column_direction_phone=\u00bbdefault\u00bb text_align=\u00bbleft\u00bb][vc_column_inner column_padding=\u00bbno-extra-padding\u00bb column_padding_tablet=\u00bbinherit\u00bb column_padding_phone=\u00bbinherit\u00bb column_padding_position=\u00bball\u00bb background_color_opacity=\u00bb1&#8243; background_hover_color_opacity=\u00bb1&#8243; column_shadow=\u00bbnone\u00bb column_border_radius=\u00bbnone\u00bb column_link_target=\u00bb_self\u00bb gradient_direction=\u00bbleft_to_right\u00bb overlay_strength=\u00bb0.3&#8243; width=\u00bb1\/2&#8243; tablet_width_inherit=\u00bbdefault\u00bb column_border_width=\u00bbnone\u00bb column_border_style=\u00bbsolid\u00bb bg_image_animation=\u00bbnone\u00bb][vc_column_text]\n<h2>VICAE proporciona servicio en todo el territorio de Catalu\u00f1a, principalmente en Barcelona y \u00e1rea metropolitana.<\/h2>\n[\/vc_column_text][divider line_type=\u00bbNo Line\u00bb custom_height=\u00bb25&#8243;][vc_column_text]Por tipolog\u00eda de empresas VICAE tiene experiencia en: Comercios y Centro comerciales (Inditex), Joyer\u00edas (antirrobo), Hoteles, Herm\u00e9s Ib\u00e9rica, Bancos y Cajas, Iglesias, Conventos, Farmacias, Sales de ocio (Razzmatazz), Boutiques de Ropa, Escuelas, Universidades, Buffet Abogados, Ingenier\u00eda de Aparcamientos (Park Help System).[\/vc_column_text][\/vc_column_inner][vc_column_inner column_padding=\u00bbno-extra-padding\u00bb column_padding_tablet=\u00bbinherit\u00bb column_padding_phone=\u00bbinherit\u00bb column_padding_position=\u00bball\u00bb background_color_opacity=\u00bb1&#8243; background_hover_color_opacity=\u00bb1&#8243; column_shadow=\u00bbnone\u00bb column_border_radius=\u00bbnone\u00bb column_link_target=\u00bb_self\u00bb gradient_direction=\u00bbleft_to_right\u00bb overlay_strength=\u00bb0.3&#8243; width=\u00bb1\/2&#8243; tablet_width_inherit=\u00bbdefault\u00bb column_border_width=\u00bbnone\u00bb column_border_style=\u00bbsolid\u00bb bg_image_animation=\u00bbnone\u00bb][image_with_animation image_url=\u00bb1102&#8243; animation=\u00bbFade In\u00bb hover_animation=\u00bbnone\u00bb alignment=\u00bbcenter\u00bb border_radius=\u00bbnone\u00bb box_shadow=\u00bbnone\u00bb image_loading=\u00bbdefault\u00bb max_width=\u00bb100%\u00bb max_width_mobile=\u00bbdefault\u00bb][\/vc_column_inner][\/vc_row_inner][\/vc_column][\/vc_row]\n","protected":false},"excerpt":{"rendered":"<p>[vc_row type=\u00bbin_container\u00bb full_screen_row_position=\u00bbmiddle\u00bb column_margin=\u00bbdefault\u00bb column_direction=\u00bbdefault\u00bb column_direction_tablet=\u00bbdefault\u00bb column_direction_phone=\u00bbdefault\u00bb scene_position=\u00bbcenter\u00bb top_padding=\u00bb90&#8243; bottom_padding=\u00bb20&#8243; text_color=\u00bbdark\u00bb text_align=\u00bbcenter\u00bb row_border_radius=\u00bbnone\u00bb row_border_radius_applies=\u00bbbg\u00bb overlay_strength=\u00bb0.3&#8243; gradient_direction=\u00bbleft_to_right\u00bb shape_divider_position=\u00bbbottom\u00bb bg_image_animation=\u00bbnone\u00bb shape_type=\u00bb\u00bb][vc_column column_padding=\u00bbno-extra-padding\u00bb column_padding_tablet=\u00bbinherit\u00bb column_padding_phone=\u00bbinherit\u00bb column_padding_position=\u00bball\u00bb background_color_opacity=\u00bb1&#8243; background_hover_color_opacity=\u00bb1&#8243; column_shadow=\u00bbnone\u00bb column_border_radius=\u00bbnone\u00bb column_link_target=\u00bb_self\u00bb gradient_direction=\u00bbleft_to_right\u00bb overlay_strength=\u00bb0.3&#8243;&#8230;<\/p>\n","protected":false},"author":2,"featured_media":0,"parent":0,"menu_order":0,"comment_status":"closed","ping_status":"closed","template":"","meta":{"footnotes":""},"class_list":["post-1459","page","type-page","status-publish"],"yoast_head":"<!-- This site is optimized with the Yoast SEO plugin v26.2 - https:\/\/yoast.com\/wordpress\/plugins\/seo\/ -->\n<title>L\u00edneas de negocio | Barcelona y \u00e1rea metropolitana | Vicae<\/title>\n<meta name=\"description\" content=\"En VICAE tenemos experiencia en Empresa y construcci\u00f3n, Arquitectos, Interioristas, Ingenieros, Sector p\u00fablico, particulares y mucho m\u00e1s.\" \/>\n<meta name=\"robots\" content=\"index, follow, max-snippet:-1, max-image-preview:large, max-video-preview:-1\" \/>\n<link rel=\"canonical\" href=\"https:\/\/vicae.cat\/lines-de-negoci\/\" \/>\n<meta property=\"og:locale\" content=\"es_ES\" \/>\n<meta property=\"og:type\" content=\"article\" \/>\n<meta property=\"og:title\" content=\"L\u00edneas de negocio | Barcelona y \u00e1rea metropolitana | Vicae\" \/>\n<meta property=\"og:description\" content=\"En VICAE tenemos experiencia en Empresa y construcci\u00f3n, Arquitectos, Interioristas, Ingenieros, Sector p\u00fablico, particulares y mucho m\u00e1s.\" \/>\n<meta property=\"og:url\" content=\"https:\/\/vicae.cat\/lines-de-negoci\/\" \/>\n<meta property=\"og:site_name\" content=\"Vicae\" \/>\n<meta property=\"article:modified_time\" content=\"2021-02-09T09:51:07+00:00\" \/>\n<meta name=\"twitter:card\" content=\"summary_large_image\" \/>\n<meta name=\"twitter:label1\" content=\"Tiempo de lectura\" \/>\n\t<meta name=\"twitter:data1\" content=\"6 minutos\" \/>\n<script type=\"application\/ld+json\" class=\"yoast-schema-graph\">{\"@context\":\"https:\/\/schema.org\",\"@graph\":[{\"@type\":\"WebPage\",\"@id\":\"https:\/\/vicae.cat\/lines-de-negoci\/\",\"url\":\"https:\/\/vicae.cat\/lines-de-negoci\/\",\"name\":\"L\u00edneas de negocio | Barcelona y \u00e1rea metropolitana | Vicae\",\"isPartOf\":{\"@id\":\"https:\/\/vicae.cat\/#website\"},\"datePublished\":\"2020-05-26T08:28:38+00:00\",\"dateModified\":\"2021-02-09T09:51:07+00:00\",\"description\":\"En VICAE tenemos experiencia en Empresa y construcci\u00f3n, Arquitectos, Interioristas, Ingenieros, Sector p\u00fablico, particulares y mucho m\u00e1s.\",\"breadcrumb\":{\"@id\":\"https:\/\/vicae.cat\/lines-de-negoci\/#breadcrumb\"},\"inLanguage\":\"es\",\"potentialAction\":[{\"@type\":\"ReadAction\",\"target\":[\"https:\/\/vicae.cat\/lines-de-negoci\/\"]}]},{\"@type\":\"BreadcrumbList\",\"@id\":\"https:\/\/vicae.cat\/lines-de-negoci\/#breadcrumb\",\"itemListElement\":[{\"@type\":\"ListItem\",\"position\":1,\"name\":\"Inici\",\"item\":\"https:\/\/vicae.cat\/\"},{\"@type\":\"ListItem\",\"position\":2,\"name\":\"L\u00edneas de negocio\"}]},{\"@type\":\"WebSite\",\"@id\":\"https:\/\/vicae.cat\/#website\",\"url\":\"https:\/\/vicae.cat\/\",\"name\":\"Vicae\",\"description\":\"\",\"potentialAction\":[{\"@type\":\"SearchAction\",\"target\":{\"@type\":\"EntryPoint\",\"urlTemplate\":\"https:\/\/vicae.cat\/?s={search_term_string}\"},\"query-input\":{\"@type\":\"PropertyValueSpecification\",\"valueRequired\":true,\"valueName\":\"search_term_string\"}}],\"inLanguage\":\"es\"}]}<\/script>\n<!-- \/ Yoast SEO plugin. -->","yoast_head_json":{"title":"L\u00edneas de negocio | Barcelona y \u00e1rea metropolitana | Vicae","description":"En VICAE tenemos experiencia en Empresa y construcci\u00f3n, Arquitectos, Interioristas, Ingenieros, Sector p\u00fablico, particulares y mucho m\u00e1s.","robots":{"index":"index","follow":"follow","max-snippet":"max-snippet:-1","max-image-preview":"max-image-preview:large","max-video-preview":"max-video-preview:-1"},"canonical":"https:\/\/vicae.cat\/lines-de-negoci\/","og_locale":"es_ES","og_type":"article","og_title":"L\u00edneas de negocio | Barcelona y \u00e1rea metropolitana | Vicae","og_description":"En VICAE tenemos experiencia en Empresa y construcci\u00f3n, Arquitectos, Interioristas, Ingenieros, Sector p\u00fablico, particulares y mucho m\u00e1s.","og_url":"https:\/\/vicae.cat\/lines-de-negoci\/","og_site_name":"Vicae","article_modified_time":"2021-02-09T09:51:07+00:00","twitter_card":"summary_large_image","twitter_misc":{"Tiempo de lectura":"6 minutos"},"schema":{"@context":"https:\/\/schema.org","@graph":[{"@type":"WebPage","@id":"https:\/\/vicae.cat\/lines-de-negoci\/","url":"https:\/\/vicae.cat\/lines-de-negoci\/","name":"L\u00edneas de negocio | Barcelona y \u00e1rea metropolitana | Vicae","isPartOf":{"@id":"https:\/\/vicae.cat\/#website"},"datePublished":"2020-05-26T08:28:38+00:00","dateModified":"2021-02-09T09:51:07+00:00","description":"En VICAE tenemos experiencia en Empresa y construcci\u00f3n, Arquitectos, Interioristas, Ingenieros, Sector p\u00fablico, particulares y mucho m\u00e1s.","breadcrumb":{"@id":"https:\/\/vicae.cat\/lines-de-negoci\/#breadcrumb"},"inLanguage":"es","potentialAction":[{"@type":"ReadAction","target":["https:\/\/vicae.cat\/lines-de-negoci\/"]}]},{"@type":"BreadcrumbList","@id":"https:\/\/vicae.cat\/lines-de-negoci\/#breadcrumb","itemListElement":[{"@type":"ListItem","position":1,"name":"Inici","item":"https:\/\/vicae.cat\/"},{"@type":"ListItem","position":2,"name":"L\u00edneas de negocio"}]},{"@type":"WebSite","@id":"https:\/\/vicae.cat\/#website","url":"https:\/\/vicae.cat\/","name":"Vicae","description":"","potentialAction":[{"@type":"SearchAction","target":{"@type":"EntryPoint","urlTemplate":"https:\/\/vicae.cat\/?s={search_term_string}"},"query-input":{"@type":"PropertyValueSpecification","valueRequired":true,"valueName":"search_term_string"}}],"inLanguage":"es"}]}},"_links":{"self":[{"href":"https:\/\/vicae.cat\/es\/wp-json\/wp\/v2\/pages\/1459","targetHints":{"allow":["GET"]}}],"collection":[{"href":"https:\/\/vicae.cat\/es\/wp-json\/wp\/v2\/pages"}],"about":[{"href":"https:\/\/vicae.cat\/es\/wp-json\/wp\/v2\/types\/page"}],"author":[{"embeddable":true,"href":"https:\/\/vicae.cat\/es\/wp-json\/wp\/v2\/users\/2"}],"replies":[{"embeddable":true,"href":"https:\/\/vicae.cat\/es\/wp-json\/wp\/v2\/comments?post=1459"}],"version-history":[{"count":3,"href":"https:\/\/vicae.cat\/es\/wp-json\/wp\/v2\/pages\/1459\/revisions"}],"predecessor-version":[{"id":1638,"href":"https:\/\/vicae.cat\/es\/wp-json\/wp\/v2\/pages\/1459\/revisions\/1638"}],"wp:attachment":[{"href":"https:\/\/vicae.cat\/es\/wp-json\/wp\/v2\/media?parent=1459"}],"curies":[{"name":"wp","href":"https:\/\/api.w.org\/{rel}","templated":true}]}}