{"id":1449,"date":"2020-05-26T08:35:43","date_gmt":"2020-05-26T08:35:43","guid":{"rendered":"https:\/\/vicae.cat?page_id=1449"},"modified":"2021-02-09T09:49:53","modified_gmt":"2021-02-09T09:49:53","slug":"servicios","status":"publish","type":"page","link":"https:\/\/vicae.cat\/es\/servicios\/","title":{"rendered":"Servicios"},"content":{"rendered":"[vc_row type=\u00bbin_container\u00bb full_screen_row_position=\u00bbmiddle\u00bb column_margin=\u00bbdefault\u00bb column_direction=\u00bbdefault\u00bb column_direction_tablet=\u00bbdefault\u00bb column_direction_phone=\u00bbdefault\u00bb scene_position=\u00bbcenter\u00bb top_padding=\u00bb90&#8243; bottom_padding=\u00bb20&#8243; text_color=\u00bbdark\u00bb text_align=\u00bbleft\u00bb row_border_radius=\u00bbnone\u00bb row_border_radius_applies=\u00bbbg\u00bb overlay_strength=\u00bb0.3&#8243; gradient_direction=\u00bbleft_to_right\u00bb shape_divider_position=\u00bbbottom\u00bb bg_image_animation=\u00bbnone\u00bb shape_type=\u00bb\u00bb][vc_column column_padding=\u00bbno-extra-padding\u00bb column_padding_tablet=\u00bbinherit\u00bb column_padding_phone=\u00bbinherit\u00bb column_padding_position=\u00bball\u00bb background_color_opacity=\u00bb1&#8243; background_hover_color_opacity=\u00bb1&#8243; column_shadow=\u00bbnone\u00bb column_border_radius=\u00bbnone\u00bb column_link_target=\u00bb_self\u00bb gradient_direction=\u00bbleft_to_right\u00bb overlay_strength=\u00bb0.3&#8243; width=\u00bb1\/1&#8243; tablet_width_inherit=\u00bbdefault\u00bb tablet_text_alignment=\u00bbdefault\u00bb phone_text_alignment=\u00bbdefault\u00bb column_border_width=\u00bbnone\u00bb column_border_style=\u00bbsolid\u00bb bg_image_animation=\u00bbnone\u00bb][vc_column_text]\n<h1 style=\"text-align: center;\">Nuestros servicios<\/h1>\n[\/vc_column_text][\/vc_column][\/vc_row][vc_row type=\u00bbin_container\u00bb full_screen_row_position=\u00bbmiddle\u00bb column_margin=\u00bbdefault\u00bb column_direction=\u00bbdefault\u00bb column_direction_tablet=\u00bbdefault\u00bb column_direction_phone=\u00bbdefault\u00bb scene_position=\u00bbcenter\u00bb top_padding=\u00bb20&#8243; bottom_padding=\u00bb90&#8243; text_color=\u00bbdark\u00bb text_align=\u00bbcenter\u00bb row_border_radius=\u00bbnone\u00bb row_border_radius_applies=\u00bbbg\u00bb overlay_strength=\u00bb0.3&#8243; gradient_direction=\u00bbleft_to_right\u00bb shape_divider_position=\u00bbbottom\u00bb bg_image_animation=\u00bbnone\u00bb shape_type=\u00bb\u00bb][vc_column column_padding=\u00bbno-extra-padding\u00bb column_padding_tablet=\u00bbinherit\u00bb column_padding_phone=\u00bbinherit\u00bb column_padding_position=\u00bball\u00bb background_color_opacity=\u00bb1&#8243; background_hover_color_opacity=\u00bb1&#8243; column_shadow=\u00bbnone\u00bb column_border_radius=\u00bbnone\u00bb column_link_target=\u00bb_self\u00bb gradient_direction=\u00bbleft_to_right\u00bb overlay_strength=\u00bb0.3&#8243; width=\u00bb1\/3&#8243; tablet_width_inherit=\u00bbdefault\u00bb tablet_text_alignment=\u00bbdefault\u00bb phone_text_alignment=\u00bbdefault\u00bb column_border_width=\u00bbnone\u00bb column_border_style=\u00bbsolid\u00bb bg_image_animation=\u00bbnone\u00bb][vc_raw_html css=\u00bb.vc_custom_1590482365967{margin-bottom: 10px !important;}\u00bb]JTNDaSUyMGNsYXNzJTNEJTIyaWNvbi0zeCUyMGZhLXdyZW5jaCUyMGFjY2VudC1jb2xvciUyMiUzRSUzQ2klMjBjbGFzcyUzRCUyMmNpcmNsZS1ib3JkZXIlMjIlM0UlM0MlMkZpJTNFJTNDJTJGaSUzRQ==[\/vc_raw_html][vc_column_text]\n<h3>Instalaci\u00f3n<\/h3>\n[\/vc_column_text][\/vc_column][vc_column column_padding=\u00bbno-extra-padding\u00bb column_padding_tablet=\u00bbinherit\u00bb column_padding_phone=\u00bbinherit\u00bb column_padding_position=\u00bball\u00bb background_color_opacity=\u00bb1&#8243; background_hover_color_opacity=\u00bb1&#8243; column_shadow=\u00bbnone\u00bb column_border_radius=\u00bbnone\u00bb column_link_target=\u00bb_self\u00bb gradient_direction=\u00bbleft_to_right\u00bb overlay_strength=\u00bb0.3&#8243; width=\u00bb1\/3&#8243; tablet_width_inherit=\u00bbdefault\u00bb tablet_text_alignment=\u00bbdefault\u00bb phone_text_alignment=\u00bbdefault\u00bb column_border_width=\u00bbnone\u00bb column_border_style=\u00bbsolid\u00bb bg_image_animation=\u00bbnone\u00bb][vc_raw_html css=\u00bb.vc_custom_1590482666134{margin-bottom: 10px !important;}\u00bb]JTNDaSUyMGNsYXNzJTNEJTIyaWNvbi0zeCUyMGZhLXJlZnJlc2glMjBhY2NlbnQtY29sb3IlMjIlM0UlM0NpJTIwY2xhc3MlM0QlMjJjaXJjbGUtYm9yZGVyJTIyJTNFJTNDJTJGaSUzRSUzQyUyRmklM0U=[\/vc_raw_html][vc_column_text]\n<h3>Mantenimiento<\/h3>\n[\/vc_column_text][\/vc_column][vc_column column_padding=\u00bbno-extra-padding\u00bb column_padding_tablet=\u00bbinherit\u00bb column_padding_phone=\u00bbinherit\u00bb column_padding_position=\u00bball\u00bb background_color_opacity=\u00bb1&#8243; background_hover_color_opacity=\u00bb1&#8243; column_shadow=\u00bbnone\u00bb column_border_radius=\u00bbnone\u00bb column_link_target=\u00bb_self\u00bb gradient_direction=\u00bbleft_to_right\u00bb overlay_strength=\u00bb0.3&#8243; width=\u00bb1\/3&#8243; tablet_width_inherit=\u00bbdefault\u00bb tablet_text_alignment=\u00bbdefault\u00bb phone_text_alignment=\u00bbdefault\u00bb column_border_width=\u00bbnone\u00bb column_border_style=\u00bbsolid\u00bb bg_image_animation=\u00bbnone\u00bb][vc_raw_html css=\u00bb.vc_custom_1590482759733{margin-bottom: 10px !important;}\u00bb]JTNDaSUyMGNsYXNzJTNEJTIyaWNvbi0zeCUyMGZhLWluZm8tY2lyY2xlJTIwYWNjZW50LWNvbG9yJTIyJTNFJTNDaSUyMGNsYXNzJTNEJTIyY2lyY2xlLWJvcmRlciUyMiUzRSUzQyUyRmklM0UlM0MlMkZpJTNF[\/vc_raw_html][vc_column_text]\n<h3>Asesoramiento<\/h3>\n[\/vc_column_text][\/vc_column][\/vc_row][vc_row type=\u00bbfull_width_background\u00bb full_screen_row_position=\u00bbmiddle\u00bb column_margin=\u00bbdefault\u00bb equal_height=\u00bbyes\u00bb content_placement=\u00bbmiddle\u00bb column_direction=\u00bbreverse\u00bb column_direction_tablet=\u00bbdefault\u00bb column_direction_phone=\u00bbdefault\u00bb mouse_based_parallax_bg=\u00bbtrue\u00bb scene_position=\u00bbcenter\u00bb layer_one_image=\u00bb1099&#8243; top_padding=\u00bb120&#8243; bottom_padding=\u00bb120&#8243; left_padding_desktop=\u00bb0&#8243; right_padding_desktop=\u00bb0&#8243; text_color=\u00bblight\u00bb text_align=\u00bbleft\u00bb row_border_radius=\u00bbnone\u00bb row_border_radius_applies=\u00bbbg\u00bb overlay_strength=\u00bb0.3&#8243; gradient_direction=\u00bbleft_to_right\u00bb shape_divider_position=\u00bbbottom\u00bb bg_image_animation=\u00bbnone\u00bb shape_type=\u00bb\u00bb][vc_column column_padding=\u00bbno-extra-padding\u00bb column_padding_tablet=\u00bbinherit\u00bb column_padding_phone=\u00bbinherit\u00bb column_padding_position=\u00bball\u00bb background_color_opacity=\u00bb1&#8243; background_hover_color_opacity=\u00bb1&#8243; column_shadow=\u00bbnone\u00bb column_border_radius=\u00bbnone\u00bb column_link_target=\u00bb_self\u00bb gradient_direction=\u00bbleft_to_right\u00bb overlay_strength=\u00bb0.3&#8243; width=\u00bb1\/1&#8243; tablet_width_inherit=\u00bbdefault\u00bb tablet_text_alignment=\u00bbdefault\u00bb phone_text_alignment=\u00bbdefault\u00bb column_border_width=\u00bbnone\u00bb column_border_style=\u00bbsolid\u00bb bg_image_animation=\u00bbnone\u00bb][vc_row_inner equal_height=\u00bbyes\u00bb content_placement=\u00bbmiddle\u00bb column_margin=\u00bbdefault\u00bb column_direction=\u00bbdefault\u00bb column_direction_tablet=\u00bbdefault\u00bb column_direction_phone=\u00bbdefault\u00bb text_align=\u00bbleft\u00bb][vc_column_inner column_padding=\u00bbno-extra-padding\u00bb column_padding_tablet=\u00bbinherit\u00bb column_padding_phone=\u00bbinherit\u00bb column_padding_position=\u00bball\u00bb background_color_opacity=\u00bb1&#8243; background_hover_color_opacity=\u00bb1&#8243; column_shadow=\u00bbnone\u00bb column_border_radius=\u00bbnone\u00bb column_link_target=\u00bb_self\u00bb gradient_direction=\u00bbleft_to_right\u00bb overlay_strength=\u00bb0.3&#8243; width=\u00bb1\/2&#8243; tablet_width_inherit=\u00bbdefault\u00bb column_border_width=\u00bbnone\u00bb column_border_style=\u00bbsolid\u00bb bg_image_animation=\u00bbnone\u00bb][image_with_animation image_url=\u00bb1106&#8243; animation=\u00bbFade In\u00bb hover_animation=\u00bbnone\u00bb alignment=\u00bbcenter\u00bb border_radius=\u00bbnone\u00bb box_shadow=\u00bbnone\u00bb image_loading=\u00bbdefault\u00bb max_width=\u00bb100%\u00bb max_width_mobile=\u00bbdefault\u00bb][\/vc_column_inner][vc_column_inner column_padding=\u00bbno-extra-padding\u00bb column_padding_tablet=\u00bbinherit\u00bb column_padding_phone=\u00bbinherit\u00bb column_padding_position=\u00bball\u00bb background_color_opacity=\u00bb1&#8243; background_hover_color_opacity=\u00bb1&#8243; column_shadow=\u00bbnone\u00bb column_border_radius=\u00bbnone\u00bb column_link_target=\u00bb_self\u00bb gradient_direction=\u00bbleft_to_right\u00bb overlay_strength=\u00bb0.3&#8243; width=\u00bb1\/2&#8243; tablet_width_inherit=\u00bbdefault\u00bb column_border_width=\u00bbnone\u00bb column_border_style=\u00bbsolid\u00bb bg_image_animation=\u00bbnone\u00bb][vc_column_text]\n<h2>Nuestra misi\u00f3n consiste en suministrar y colocar ventanas, mamparas, espejos y vidrios para hacer realidad los proyectos de nuestros clientes<\/h2>\n[\/vc_column_text][divider line_type=\u00bbNo Line\u00bb custom_height=\u00bb25&#8243;][vc_column_text]Ofreciendo servicios de asesoramiento t\u00e9cnico y ejecuci\u00f3n, adapt\u00e1ndonos constantemente a los cambios sociales y culturales, obteniendo la rentabilidad para seguir creciendo, en un entorno de trabajo que potencie el crecimiento humano y profesional. Con la visi\u00f3n de ser l\u00edderes en el suministro y montaje de todos nuestros productos en Barcelona, basando nuestro compromiso con la calidad, servicio e innovaci\u00f3n<\/p>\n<p>Los s\u00f3lidos valores que enmarcan la situaci\u00f3n \u00e9tica y moral de la empresa, constituyen la base de la cultura institucional:[\/vc_column_text][divider line_type=\u00bbNo Line\u00bb custom_height=\u00bb25&#8243;][vc_column_text]\n<ol>\n<li>Calidad y eficiencia energ\u00e9tica<\/li>\n<li>Trabajo en equipo<\/li>\n<li>Servicio al cliente<\/li>\n<li>Iniciativa y liderazgo<\/li>\n<\/ol>\n[\/vc_column_text][\/vc_column_inner][\/vc_row_inner][\/vc_column][\/vc_row][vc_row type=\u00bbin_container\u00bb full_screen_row_position=\u00bbmiddle\u00bb column_margin=\u00bbdefault\u00bb column_direction=\u00bbdefault\u00bb column_direction_tablet=\u00bbdefault\u00bb column_direction_phone=\u00bbdefault\u00bb scene_position=\u00bbcenter\u00bb text_color=\u00bbdark\u00bb text_align=\u00bbleft\u00bb row_border_radius=\u00bbnone\u00bb row_border_radius_applies=\u00bbbg\u00bb overlay_strength=\u00bb0.3&#8243; gradient_direction=\u00bbleft_to_right\u00bb shape_divider_position=\u00bbbottom\u00bb bg_image_animation=\u00bbnone\u00bb][vc_column column_padding=\u00bbno-extra-padding\u00bb column_padding_tablet=\u00bbinherit\u00bb column_padding_phone=\u00bbinherit\u00bb column_padding_position=\u00bball\u00bb background_color_opacity=\u00bb1&#8243; background_hover_color_opacity=\u00bb1&#8243; column_shadow=\u00bbnone\u00bb column_border_radius=\u00bbnone\u00bb column_link_target=\u00bb_self\u00bb gradient_direction=\u00bbleft_to_right\u00bb overlay_strength=\u00bb0.3&#8243; width=\u00bb1\/1&#8243; tablet_width_inherit=\u00bbdefault\u00bb tablet_text_alignment=\u00bbdefault\u00bb phone_text_alignment=\u00bbdefault\u00bb column_border_width=\u00bbnone\u00bb column_border_style=\u00bbsolid\u00bb bg_image_animation=\u00bbnone\u00bb][divider line_type=\u00bbNo Line\u00bb custom_height=\u00bb25&#8243;][vc_column_text]\n<h2 style=\"font-size: 20px;\">Instalaci\u00f3n de vidrios<\/h2>\n<p>En Vicae, nos especializamos en la instalaci\u00f3n de todo tipo de vidrios, cualquiera que sea el espacio donde lo necesites. Contamos con a\u00f1os de experiencia en el sector y disponemos de personal cualificado y experto para proveer un servicio de calidad, acorde con la importancia de tu proyecto o necesidad.<\/p>\n<h2 style=\"font-size: 20px;\">Ventanas ac\u00fasticas Barcelona<\/h2>\n<p>En nuestro hogar siempre deseamos estar tranquilos, aislados del ruido que proviene del exterior. Una de las maneras en que este ruido se cuela en nuestras casas o pisos es a trav\u00e9s de las ventanas, que son los elementos m\u00e1s fr\u00e1giles de la estructura Es por ello que cobra especial relevancia que nuestras ventanas est\u00e9n provistas de vidrios ac\u00fasticos consiguiendo as\u00ed el aislamiento necesario para evitar el ruido, sobre todo si vivimos en una zona donde habitualmente hay altos niveles de ruido. Las ventanas ac\u00fasticas son la soluci\u00f3n.<\/p>\n<h2 style=\"font-size: 20px;\">Vidrios t\u00e9rmicos<\/h2>\n<p>Con este tipo de vidrios se consigue disminuir la entrada de calor por la incidencia del sol y el calor y por lo tanto se reduce el consumo de aire acondicionado con el consiguiente ahorro energ\u00e9tico y de dinero. De la misma forma funcionan como un aislante t\u00e9rmico en invierno frente al frio, de la misma forma ayudar\u00e1 a controlar el gasto de la calefacci\u00f3n.<\/p>\n<h2 style=\"font-size: 20px;\">Instalaci\u00f3n de toldos<\/h2>\n<p>Los toldos han estado presentes en gran parte de nuestra vida familiar en nuestras casas y cultural, en restaurantes, hoteles etc. es un aliado en la protecci\u00f3n solar de todos estos espacios, especialmente en el ahorro energ\u00e9tico, ya que contiene el calor del sol y nos a\u00edsla del calor. Contamos con una gran variedad de toldos para todos los espacios de la vida familiar y el esparcimiento.<\/p>\n<h2 style=\"font-size: 20px;\">Instalaci\u00f3n de claraboyas<\/h2>\n<p>La elecci\u00f3n del tipo de claraboya es un aspecto muy importante a la hora de solicitar una isntalaci\u00f3n de claraboya, cuestiones como el paso de luz y de ventilaci\u00f3n, son determinantes. Hay claraboyas que pueden filtrar la luz del sol dejando pasar la luz y repeliendo el calor. Es conveniente saber que las claraboyas requieren de mantenimiento al estar mas expuestas que las ventanas a las inclemencias del tiempo.[\/vc_column_text][divider line_type=\u00bbNo Line\u00bb custom_height=\u00bb25&#8243;][\/vc_column][\/vc_row]\n","protected":false},"excerpt":{"rendered":"<p>[vc_row type=\u00bbin_container\u00bb full_screen_row_position=\u00bbmiddle\u00bb column_margin=\u00bbdefault\u00bb column_direction=\u00bbdefault\u00bb column_direction_tablet=\u00bbdefault\u00bb column_direction_phone=\u00bbdefault\u00bb scene_position=\u00bbcenter\u00bb top_padding=\u00bb90&#8243; bottom_padding=\u00bb20&#8243; text_color=\u00bbdark\u00bb text_align=\u00bbleft\u00bb row_border_radius=\u00bbnone\u00bb row_border_radius_applies=\u00bbbg\u00bb overlay_strength=\u00bb0.3&#8243; gradient_direction=\u00bbleft_to_right\u00bb shape_divider_position=\u00bbbottom\u00bb bg_image_animation=\u00bbnone\u00bb shape_type=\u00bb\u00bb][vc_column column_padding=\u00bbno-extra-padding\u00bb column_padding_tablet=\u00bbinherit\u00bb column_padding_phone=\u00bbinherit\u00bb column_padding_position=\u00bball\u00bb background_color_opacity=\u00bb1&#8243; background_hover_color_opacity=\u00bb1&#8243; column_shadow=\u00bbnone\u00bb column_border_radius=\u00bbnone\u00bb column_link_target=\u00bb_self\u00bb gradient_direction=\u00bbleft_to_right\u00bb overlay_strength=\u00bb0.3&#8243;&#8230;<\/p>\n","protected":false},"author":2,"featured_media":0,"parent":0,"menu_order":0,"comment_status":"closed","ping_status":"closed","template":"","meta":{"footnotes":""},"class_list":["post-1449","page","type-page","status-publish"],"yoast_head":"<!-- This site is optimized with the Yoast SEO plugin v26.2 - https:\/\/yoast.com\/wordpress\/plugins\/seo\/ -->\n<title>Ventanas ac\u00fasticas Barcelona | Nuestros Servicios | Vicae<\/title>\n<meta name=\"description\" content=\"Instalaci\u00f3n de ventanas ac\u00fasticas en Barcelona, vidrios t\u00e9rmicos, instalaci\u00f3n de toldos y claraboyas. Solicita m\u00e1s informaci\u00f3n Vicae.\" \/>\n<meta name=\"robots\" content=\"index, follow, max-snippet:-1, max-image-preview:large, max-video-preview:-1\" \/>\n<link rel=\"canonical\" href=\"https:\/\/vicae.cat\/serveis\/\" \/>\n<meta property=\"og:locale\" content=\"es_ES\" \/>\n<meta property=\"og:type\" content=\"article\" \/>\n<meta property=\"og:title\" content=\"Ventanas ac\u00fasticas Barcelona | Nuestros Servicios | Vicae\" \/>\n<meta property=\"og:description\" content=\"Instalaci\u00f3n de ventanas ac\u00fasticas en Barcelona, vidrios t\u00e9rmicos, instalaci\u00f3n de toldos y claraboyas. Solicita m\u00e1s informaci\u00f3n Vicae.\" \/>\n<meta property=\"og:url\" content=\"https:\/\/vicae.cat\/serveis\/\" \/>\n<meta property=\"og:site_name\" content=\"Vicae\" \/>\n<meta property=\"article:modified_time\" content=\"2021-02-09T09:49:53+00:00\" \/>\n<meta name=\"twitter:card\" content=\"summary_large_image\" \/>\n<meta name=\"twitter:label1\" content=\"Tiempo de lectura\" \/>\n\t<meta name=\"twitter:data1\" content=\"4 minutos\" \/>\n<script type=\"application\/ld+json\" class=\"yoast-schema-graph\">{\"@context\":\"https:\/\/schema.org\",\"@graph\":[{\"@type\":\"WebPage\",\"@id\":\"https:\/\/vicae.cat\/serveis\/\",\"url\":\"https:\/\/vicae.cat\/serveis\/\",\"name\":\"Ventanas ac\u00fasticas Barcelona | Nuestros Servicios | Vicae\",\"isPartOf\":{\"@id\":\"https:\/\/vicae.cat\/#website\"},\"datePublished\":\"2020-05-26T08:35:43+00:00\",\"dateModified\":\"2021-02-09T09:49:53+00:00\",\"description\":\"Instalaci\u00f3n de ventanas ac\u00fasticas en Barcelona, vidrios t\u00e9rmicos, instalaci\u00f3n de toldos y claraboyas. Solicita m\u00e1s informaci\u00f3n Vicae.\",\"breadcrumb\":{\"@id\":\"https:\/\/vicae.cat\/serveis\/#breadcrumb\"},\"inLanguage\":\"es\",\"potentialAction\":[{\"@type\":\"ReadAction\",\"target\":[\"https:\/\/vicae.cat\/serveis\/\"]}]},{\"@type\":\"BreadcrumbList\",\"@id\":\"https:\/\/vicae.cat\/serveis\/#breadcrumb\",\"itemListElement\":[{\"@type\":\"ListItem\",\"position\":1,\"name\":\"Inici\",\"item\":\"https:\/\/vicae.cat\/\"},{\"@type\":\"ListItem\",\"position\":2,\"name\":\"Servicios\"}]},{\"@type\":\"WebSite\",\"@id\":\"https:\/\/vicae.cat\/#website\",\"url\":\"https:\/\/vicae.cat\/\",\"name\":\"Vicae\",\"description\":\"\",\"potentialAction\":[{\"@type\":\"SearchAction\",\"target\":{\"@type\":\"EntryPoint\",\"urlTemplate\":\"https:\/\/vicae.cat\/?s={search_term_string}\"},\"query-input\":{\"@type\":\"PropertyValueSpecification\",\"valueRequired\":true,\"valueName\":\"search_term_string\"}}],\"inLanguage\":\"es\"}]}<\/script>\n<!-- \/ Yoast SEO plugin. -->","yoast_head_json":{"title":"Ventanas ac\u00fasticas Barcelona | Nuestros Servicios | Vicae","description":"Instalaci\u00f3n de ventanas ac\u00fasticas en Barcelona, vidrios t\u00e9rmicos, instalaci\u00f3n de toldos y claraboyas. Solicita m\u00e1s informaci\u00f3n Vicae.","robots":{"index":"index","follow":"follow","max-snippet":"max-snippet:-1","max-image-preview":"max-image-preview:large","max-video-preview":"max-video-preview:-1"},"canonical":"https:\/\/vicae.cat\/serveis\/","og_locale":"es_ES","og_type":"article","og_title":"Ventanas ac\u00fasticas Barcelona | Nuestros Servicios | Vicae","og_description":"Instalaci\u00f3n de ventanas ac\u00fasticas en Barcelona, vidrios t\u00e9rmicos, instalaci\u00f3n de toldos y claraboyas. Solicita m\u00e1s informaci\u00f3n Vicae.","og_url":"https:\/\/vicae.cat\/serveis\/","og_site_name":"Vicae","article_modified_time":"2021-02-09T09:49:53+00:00","twitter_card":"summary_large_image","twitter_misc":{"Tiempo de lectura":"4 minutos"},"schema":{"@context":"https:\/\/schema.org","@graph":[{"@type":"WebPage","@id":"https:\/\/vicae.cat\/serveis\/","url":"https:\/\/vicae.cat\/serveis\/","name":"Ventanas ac\u00fasticas Barcelona | Nuestros Servicios | Vicae","isPartOf":{"@id":"https:\/\/vicae.cat\/#website"},"datePublished":"2020-05-26T08:35:43+00:00","dateModified":"2021-02-09T09:49:53+00:00","description":"Instalaci\u00f3n de ventanas ac\u00fasticas en Barcelona, vidrios t\u00e9rmicos, instalaci\u00f3n de toldos y claraboyas. Solicita m\u00e1s informaci\u00f3n Vicae.","breadcrumb":{"@id":"https:\/\/vicae.cat\/serveis\/#breadcrumb"},"inLanguage":"es","potentialAction":[{"@type":"ReadAction","target":["https:\/\/vicae.cat\/serveis\/"]}]},{"@type":"BreadcrumbList","@id":"https:\/\/vicae.cat\/serveis\/#breadcrumb","itemListElement":[{"@type":"ListItem","position":1,"name":"Inici","item":"https:\/\/vicae.cat\/"},{"@type":"ListItem","position":2,"name":"Servicios"}]},{"@type":"WebSite","@id":"https:\/\/vicae.cat\/#website","url":"https:\/\/vicae.cat\/","name":"Vicae","description":"","potentialAction":[{"@type":"SearchAction","target":{"@type":"EntryPoint","urlTemplate":"https:\/\/vicae.cat\/?s={search_term_string}"},"query-input":{"@type":"PropertyValueSpecification","valueRequired":true,"valueName":"search_term_string"}}],"inLanguage":"es"}]}},"_links":{"self":[{"href":"https:\/\/vicae.cat\/es\/wp-json\/wp\/v2\/pages\/1449","targetHints":{"allow":["GET"]}}],"collection":[{"href":"https:\/\/vicae.cat\/es\/wp-json\/wp\/v2\/pages"}],"about":[{"href":"https:\/\/vicae.cat\/es\/wp-json\/wp\/v2\/types\/page"}],"author":[{"embeddable":true,"href":"https:\/\/vicae.cat\/es\/wp-json\/wp\/v2\/users\/2"}],"replies":[{"embeddable":true,"href":"https:\/\/vicae.cat\/es\/wp-json\/wp\/v2\/comments?post=1449"}],"version-history":[{"count":5,"href":"https:\/\/vicae.cat\/es\/wp-json\/wp\/v2\/pages\/1449\/revisions"}],"predecessor-version":[{"id":1712,"href":"https:\/\/vicae.cat\/es\/wp-json\/wp\/v2\/pages\/1449\/revisions\/1712"}],"wp:attachment":[{"href":"https:\/\/vicae.cat\/es\/wp-json\/wp\/v2\/media?parent=1449"}],"curies":[{"name":"wp","href":"https:\/\/api.w.org\/{rel}","templated":true}]}}